{"id":86,"date":"2023-11-29T11:53:30","date_gmt":"2023-11-29T11:53:30","guid":{"rendered":"https:\/\/jacobo.entradaparaeventos.es\/?page_id=86"},"modified":"2023-11-29T11:53:30","modified_gmt":"2023-11-29T11:53:30","slug":"politica-de-cookies","status":"publish","type":"page","link":"https:\/\/jacobo-ontinyent.es\/?page_id=86","title":{"rendered":"Pol\u00edtica de cookies"},"content":{"rendered":"<h4 class=\"wp-block-heading\"><strong>Informaci\u00f3n de cookies:<\/strong><\/h4><p>Las cookies son archivos que se pueden descargar en su equipo a trav\u00e9s de las p\u00e1ginas web. Son&nbsp;herramientas que tienen un papel esencial para la prestaci\u00f3n de numerosos servicios de la&nbsp;sociedad de la informaci\u00f3n. Entre otros, permiten a una p\u00e1gina web almacenar y recuperar&nbsp;informaci\u00f3n sobre los h\u00e1bitos de navegaci\u00f3n de un usuario o de su equipo y, dependiendo de la&nbsp;informaci\u00f3n obtenida, se pueden utilizar para reconocer al usuario y mejorar el servicio ofrecido.<\/p><h4 class=\"wp-block-heading\"><strong>Tipos de cookies:<\/strong><\/h4><p>Seg\u00fan quien sea la entidad que gestione el dominio desde donde se env\u00edan las cookies y trate los&nbsp;datos que se obtengan se pueden distinguir dos tipos: cookies propias y cookies de terceros.<\/p><p>Existe tambi\u00e9n una segunda clasificaci\u00f3n seg\u00fan el plazo de tiempo que permanecen almacenadas&nbsp;en el navegador del cliente, pudiendo tratarse de cookies de sesi\u00f3n o cookies persistentes.<\/p><p>Por \u00faltimo, existe otra clasificaci\u00f3n con cinco tipos de cookies seg\u00fan la finalidad para la que se&nbsp;traten los datos obtenidos: cookies t\u00e9cnicas, cookies de personalizaci\u00f3n, cookies de an\u00e1lisis,&nbsp;cookies publicitarias y cookies de publicidad comportamental.<\/p><h4 class=\"wp-block-heading\"><strong>Cookies utilizadas en la web:<\/strong><\/h4><p>A continuaci\u00f3n se identifican las cookies que est\u00e1n siendo utilizadas en este portal as\u00ed como su&nbsp;tipolog\u00eda y funci\u00f3n: Una cookie propia de tipo t\u00e9cnico denominada PHPSESSID necesaria para la&nbsp;correcta navegaci\u00f3n por las p\u00e1ginas web. Cookies de Google Analytics, un servicio de anal\u00edtica&nbsp;web desarrollada por Google, que permite la medici\u00f3n y an\u00e1lisis de la navegaci\u00f3n en las p\u00e1ginas&nbsp;web. En su navegador podr\u00e1 observar 4 cookies de este servicio. Seg\u00fan la tipolog\u00eda anterior se&nbsp;trata de cookies propias, de sesi\u00f3n y de an\u00e1lisis. Puede encontrar m\u00e1s informaci\u00f3n al respecto e&nbsp;inhabilitar el uso de estas cookies en: http:\/\/www.google.es\/intl\/es_ALL\/analytics\/learn\/privacy.html<\/p><p>A trav\u00e9s de la anal\u00edtica web no se obtiene informaci\u00f3n sobre sus datos personales garantizando la&nbsp;tutela de la privacidad de las personas que navegan por la web. La informaci\u00f3n que se obtiene es&nbsp;la relativa al n\u00famero de usuarios que acceden a la web, el n\u00famero de p\u00e1ginas vistas, la frecuencia&nbsp;y repetici\u00f3n de las visitas, su duraci\u00f3n, el navegador utilizado, el operador que presta el servicio, el&nbsp;idioma, el terminal que utiliza, o la ciudad a la que est\u00e1 asignada su direcci\u00f3n IP. Informaci\u00f3n que&nbsp;posibilita un mejor y m\u00e1s apropiado servicio por parte de este portal.<\/p><h4 class=\"wp-block-heading\"><strong>C\u00f3mo modificar la configuraci\u00f3n de las cookies<\/strong>:<\/h4><p>Usted puede restringir, bloquear o borrar las cookies de este sitio o cualquier otra p\u00e1gina web,&nbsp;utilizando su navegador. En cada navegador la operativa diferente, la funci\u00f3n de Ayuda le mostrar\u00e1&nbsp;c\u00f3mo hacerlo.<\/p><p>\u25cf Internet Explorer: http:\/\/windows.microsoft.com\/es-xl\/internet-explorer\/delete-manage-cookies#ie=\u00bbie-10&#8243;<\/p><p>\u25cf FireFox: https:\/\/support.mozilla.org\/es\/kb\/Borrar%20cookies<\/p><p>\u25cf Chrome: https:\/\/support.google.com\/chrome\/answer\/95647?hl=\u00bbes\u00bb<\/p>","protected":false},"excerpt":{"rendered":"<p>Informaci\u00f3n de cookies: Las cookies son archivos que se pueden descargar en su equipo a trav\u00e9s de las p\u00e1ginas web. Son&nbsp;herramientas que tienen un papel esencial para la prestaci\u00f3n de numerosos servicios de la&nbsp;sociedad de la informaci\u00f3n. Entre otros, permiten a una p\u00e1gina web almacenar y recuperar&nbsp;informaci\u00f3n sobre los h\u00e1bitos de navegaci\u00f3n de un usuario [&hellip;]<\/p>\n","protected":false},"author":1,"featured_media":0,"parent":0,"menu_order":0,"comment_status":"closed","ping_status":"closed","template":"","meta":{"site-sidebar-layout":"default","site-content-layout":"","ast-site-content-layout":"","site-content-style":"default","site-sidebar-style":"default","ast-global-header-display":"","ast-banner-title-visibility":"","ast-main-header-display":"","ast-hfb-above-header-display":"","ast-hfb-below-header-display":"","ast-hfb-mobile-header-display":"","site-post-title":"","ast-breadcrumbs-content":"","ast-featured-img":"","footer-sml-layout":"","theme-transparent-header-meta":"","adv-header-id-meta":"","stick-header-meta":"","header-above-stick-meta":"","header-main-stick-meta":"","header-below-stick-meta":"","astra-migrate-meta-layouts":"default","ast-page-background-enabled":"default","ast-page-background-meta":{"desktop":{"background-color":"var(--ast-global-color-4)","background-image":"","background-repeat":"repeat","background-position":"center center","background-size":"auto","background-attachment":"scroll","background-type":"","background-media":"","overlay-type":"","overlay-color":"","overlay-opacity":"","overlay-gradient":""},"tablet":{"background-color":"","background-image":"","background-repeat":"repeat","background-position":"center center","background-size":"auto","background-attachment":"scroll","background-type":"","background-media":"","overlay-type":"","overlay-color":"","overlay-opacity":"","overlay-gradient":""},"mobile":{"background-color":"","background-image":"","background-repeat":"repeat","background-position":"center center","background-size":"auto","background-attachment":"scroll","background-type":"","background-media":"","overlay-type":"","overlay-color":"","overlay-opacity":"","overlay-gradient":""}},"ast-content-background-meta":{"desktop":{"background-color":"var(--ast-global-color-5)","background-image":"","background-repeat":"repeat","background-position":"center center","background-size":"auto","background-attachment":"scroll","background-type":"","background-media":"","overlay-type":"","overlay-color":"","overlay-opacity":"","overlay-gradient":""},"tablet":{"background-color":"var(--ast-global-color-5)","background-image":"","background-repeat":"repeat","background-position":"center center","background-size":"auto","background-attachment":"scroll","background-type":"","background-media":"","overlay-type":"","overlay-color":"","overlay-opacity":"","overlay-gradient":""},"mobile":{"background-color":"var(--ast-global-color-5)","background-image":"","background-repeat":"repeat","background-position":"center center","background-size":"auto","background-attachment":"scroll","background-type":"","background-media":"","overlay-type":"","overlay-color":"","overlay-opacity":"","overlay-gradient":""}},"footnotes":""},"class_list":["post-86","page","type-page","status-publish","hentry"],"_links":{"self":[{"href":"https:\/\/jacobo-ontinyent.es\/index.php?rest_route=\/wp\/v2\/pages\/86","targetHints":{"allow":["GET"]}}],"collection":[{"href":"https:\/\/jacobo-ontinyent.es\/index.php?rest_route=\/wp\/v2\/pages"}],"about":[{"href":"https:\/\/jacobo-ontinyent.es\/index.php?rest_route=\/wp\/v2\/types\/page"}],"author":[{"embeddable":true,"href":"https:\/\/jacobo-ontinyent.es\/index.php?rest_route=\/wp\/v2\/users\/1"}],"replies":[{"embeddable":true,"href":"https:\/\/jacobo-ontinyent.es\/index.php?rest_route=%2Fwp%2Fv2%2Fcomments&post=86"}],"version-history":[{"count":1,"href":"https:\/\/jacobo-ontinyent.es\/index.php?rest_route=\/wp\/v2\/pages\/86\/revisions"}],"predecessor-version":[{"id":101,"href":"https:\/\/jacobo-ontinyent.es\/index.php?rest_route=\/wp\/v2\/pages\/86\/revisions\/101"}],"wp:attachment":[{"href":"https:\/\/jacobo-ontinyent.es\/index.php?rest_route=%2Fwp%2Fv2%2Fmedia&parent=86"}],"curies":[{"name":"wp","href":"https:\/\/api.w.org\/{rel}","templated":true}]}}