{"id":917,"date":"2024-12-11T19:22:47","date_gmt":"2024-12-11T19:22:47","guid":{"rendered":"https:\/\/jacobo-ontinyent.es\/?post_type=product&#038;p=917"},"modified":"2025-12-23T09:48:01","modified_gmt":"2025-12-23T09:48:01","slug":"donativo-fila-0","status":"publish","type":"product","link":"https:\/\/jacobo-ontinyent.es\/?product=donativo-fila-0","title":{"rendered":"Donativo Fila 0"},"content":{"rendered":"<p><strong>S\u00cdNDROME KBG &#8211; ESPA\u00d1A<\/strong><\/p>\n<p>Somos una asociaci\u00f3n no gubernamental sin \u00e1nimo de lucro formada por m\u00e1s de 70 familias espa\u00f1olas afectadas por el S\u00edndrome KBG e inscrita en el Registro Nacional de Asociaciones del Ministerio del Interior. Puedes conocernos mejor a trav\u00e9s de nuestra carta pinchando <a href=\"https:\/\/jacobo-ontinyent.es\/wp-content\/uploads\/2025\/12\/CARTA-KBG.pdf\" target=\"_blank\" rel=\"noopener\">aqu\u00ed<\/a>.<\/p>\n<p><strong>*Este Donativo no da derecho a entrar al recinto<\/strong><\/p>\n","protected":false},"excerpt":{"rendered":"<p><strong>S\u00cdNDROME KBG &#8211; ESPA\u00d1A<\/strong><\/p>\n<p>Somos una asociaci\u00f3n no gubernamental sin \u00e1nimo de lucro formada por m\u00e1s de 70 familias espa\u00f1olas afectadas por el S\u00edndrome KBG e inscrita en el Registro Nacional de Asociaciones del Ministerio del Interior. Puedes conocernos mejor a trav\u00e9s de nuestra carta pinchando <a href=\"https:\/\/jacobo-ontinyent.es\/wp-content\/uploads\/2025\/12\/CARTA-KBG.pdf\" target=\"_blank\" rel=\"noopener\">aqu\u00ed<\/a>.<\/p>\n<p><strong>*Este Donativo no da derecho a entrar al recinto<\/strong><\/p>\n","protected":false},"featured_media":1667,"template":"","meta":{"site-sidebar-layout":"default","site-content-layout":"","ast-site-content-layout":"default","site-content-style":"default","site-sidebar-style":"default","ast-global-header-display":"","ast-banner-title-visibility":"","ast-main-header-display":"","ast-hfb-above-header-display":"","ast-hfb-below-header-display":"","ast-hfb-mobile-header-display":"","site-post-title":"","ast-breadcrumbs-content":"","ast-featured-img":"","footer-sml-layout":"","theme-transparent-header-meta":"default","adv-header-id-meta":"","stick-header-meta":"","header-above-stick-meta":"","header-main-stick-meta":"","header-below-stick-meta":"","astra-migrate-meta-layouts":"set","ast-page-background-enabled":"default","ast-page-background-meta":{"desktop":{"background-color":"var(--ast-global-color-4)","background-image":"","background-repeat":"repeat","background-position":"center center","background-size":"auto","background-attachment":"scroll","background-type":"","background-media":"","overlay-type":"","overlay-color":"","overlay-opacity":"","overlay-gradient":""},"tablet":{"background-color":"","background-image":"","background-repeat":"repeat","background-position":"center center","background-size":"auto","background-attachment":"scroll","background-type":"","background-media":"","overlay-type":"","overlay-color":"","overlay-opacity":"","overlay-gradient":""},"mobile":{"background-color":"","background-image":"","background-repeat":"repeat","background-position":"center center","background-size":"auto","background-attachment":"scroll","background-type":"","background-media":"","overlay-type":"","overlay-color":"","overlay-opacity":"","overlay-gradient":""}},"ast-content-background-meta":{"desktop":{"background-color":"var(--ast-global-color-5)","background-image":"","background-repeat":"repeat","background-position":"center center","background-size":"auto","background-attachment":"scroll","background-type":"","background-media":"","overlay-type":"","overlay-color":"","overlay-opacity":"","overlay-gradient":""},"tablet":{"background-color":"var(--ast-global-color-5)","background-image":"","background-repeat":"repeat","background-position":"center center","background-size":"auto","background-attachment":"scroll","background-type":"","background-media":"","overlay-type":"","overlay-color":"","overlay-opacity":"","overlay-gradient":""},"mobile":{"background-color":"var(--ast-global-color-5)","background-image":"","background-repeat":"repeat","background-position":"center center","background-size":"auto","background-attachment":"scroll","background-type":"","background-media":"","overlay-type":"","overlay-color":"","overlay-opacity":"","overlay-gradient":""}}},"product_cat":[19],"product_tag":[],"class_list":{"0":"post-917","1":"product","2":"type-product","3":"status-publish","4":"has-post-thumbnail","6":"product_cat-evento","7":"desktop-align-left","8":"tablet-align-left","9":"mobile-align-left","11":"first","12":"instock","13":"taxable","14":"shipping-taxable","15":"purchasable","16":"product-type-simple"},"_links":{"self":[{"href":"https:\/\/jacobo-ontinyent.es\/index.php?rest_route=\/wp\/v2\/product\/917","targetHints":{"allow":["GET"]}}],"collection":[{"href":"https:\/\/jacobo-ontinyent.es\/index.php?rest_route=\/wp\/v2\/product"}],"about":[{"href":"https:\/\/jacobo-ontinyent.es\/index.php?rest_route=\/wp\/v2\/types\/product"}],"wp:featuredmedia":[{"embeddable":true,"href":"https:\/\/jacobo-ontinyent.es\/index.php?rest_route=\/wp\/v2\/media\/1667"}],"wp:attachment":[{"href":"https:\/\/jacobo-ontinyent.es\/index.php?rest_route=%2Fwp%2Fv2%2Fmedia&parent=917"}],"wp:term":[{"taxonomy":"product_cat","embeddable":true,"href":"https:\/\/jacobo-ontinyent.es\/index.php?rest_route=%2Fwp%2Fv2%2Fproduct_cat&post=917"},{"taxonomy":"product_tag","embeddable":true,"href":"https:\/\/jacobo-ontinyent.es\/index.php?rest_route=%2Fwp%2Fv2%2Fproduct_tag&post=917"}],"curies":[{"name":"wp","href":"https:\/\/api.w.org\/{rel}","templated":true}]}}